{"id":1229,"date":"2023-09-29T09:30:49","date_gmt":"2023-09-29T07:30:49","guid":{"rendered":"https:\/\/www.helioss.es\/politica-de-privacidad\/"},"modified":"2023-09-29T09:30:49","modified_gmt":"2023-09-29T07:30:49","slug":"politica-de-privacidad","status":"publish","type":"page","link":"https:\/\/www.helioss.es\/en\/politica-de-privacidad\/","title":{"rendered":"Pol\u00edtica de privacidad"},"content":{"rendered":"<p>[et_pb_section fb_built=&#8221;1&#8243; _builder_version=&#8221;4.22.2&#8243; _module_preset=&#8221;default&#8221; background_color=&#8221;RGBA(255,255,255,0)&#8221; global_colors_info=&#8221;{}&#8221;][et_pb_row column_structure=&#8221;1_5,3_5,1_5&#8243; _builder_version=&#8221;4.22.2&#8243; _module_preset=&#8221;default&#8221; global_colors_info=&#8221;{}&#8221;][et_pb_column type=&#8221;1_5&#8243; _builder_version=&#8221;4.22.2&#8243; _module_preset=&#8221;default&#8221; global_colors_info=&#8221;{}&#8221;][\/et_pb_column][et_pb_column type=&#8221;3_5&#8243; _builder_version=&#8221;4.22.2&#8243; _module_preset=&#8221;default&#8221; global_colors_info=&#8221;{}&#8221;][et_pb_post_title meta=&#8221;off&#8221; featured_image=&#8221;off&#8221; _builder_version=&#8221;4.22.2&#8243; _module_preset=&#8221;default&#8221; custom_margin=&#8221;4%||||false|false&#8221; global_colors_info=&#8221;{}&#8221;][\/et_pb_post_title][et_pb_text _builder_version=&#8221;4.23&#8243; _module_preset=&#8221;default&#8221; text_font=&#8221;|300|||||||&#8221; text_font_size=&#8221;14px&#8221; text_line_height=&#8221;1.5em&#8221; global_colors_info=&#8221;{}&#8221;]<\/p>\n<p><strong>Responsable del tratamiento de sus datos<\/strong><\/p>\n<p>El responsable del tratamiento de sus datos es Helios Fine Jewelry S.L., con NIF: B72821200, y domicilio social en Calle Padilla 1, 3D, CP 28006. Puede ponerse en contacto con nosotros para ejercer sus derechos en <a href=\"mailto:info@helioss.es\">info@helioss.es<\/a>.<\/p>\n<p>Conforme a la legislaci\u00f3n vigente en materia de Protecci\u00f3n de Datos de Car\u00e1cter Personal, Helios Fine Jewelry S.L. informa al\/los usuario\/s ( en adelante, el\/los \u201cUsuario\/s\u201d) del Sitio Web helioss.es (en adelante, la \u201cWeb\u201d) acerca de la Pol\u00edtica de Privacidad que aplicar\u00e1 en el tratamiento de los datos personales que el Usuario facilite, ya sea al registrarse en la Web mediante la cumplimentaci\u00f3n del formulario de registro habilitado al efecto en los mismos, al suscribirse a la newsletter, as\u00ed como durante las interactuaciones que realice con helioss.es.<\/p>\n<p>El Usuario, al proporcionar a Helios Fine Jewelry S.L. sus datos de car\u00e1cter personal, consentir\u00e1 expresamente mediante el mecanismo habilitado al efecto, que Helios Fine Jewelry S.L. pueda tratar esos datos en los t\u00e9rminos establecidos en la presente Pol\u00edtica de Privacidad, lo que constituir\u00e1 la base legal para su tratamiento.<\/p>\n<p><strong>Tipo de informaci\u00f3n recopilada<\/strong><\/p>\n<p>Helios Fine Jewelry S.L. puede recopilar informaci\u00f3n personal de los Usuarios de la Plataforma, es decir, nombre, direcci\u00f3n de correo electr\u00f3nico, direcci\u00f3n postal y\/o n\u00famero de tel\u00e9fono cuando el Usuario visita la Web, se registra, realiza un pedido online o se pone en contacto con helioss.es.<\/p>\n<p>Adem\u00e1s, Helios Fine Jewelry S.L. recopila toda la informaci\u00f3n relativa a su navegaci\u00f3n en la Web y su interacci\u00f3n con la marca.<br \/>El hecho de no facilitar cierta informaci\u00f3n se\u00f1alada como obligatoria, puede conllevar que no sea posible gestionar su registro como usuario o el uso de determinadas funcionalidades o servicios disponibles a trav\u00e9s de la Web.<\/p>\n<p>Helios Fine Jewelry S.L. ha adoptado las medidas necesarias de \u00edndole t\u00e9cnica y organizativa para mantener el nivel de seguridad requerido, seg\u00fan la naturaleza de los datos personales tratados y las circunstancias del tratamiento, con el objeto de evitar, en la medida de lo posible y siempre seg\u00fan el estado de la t\u00e9cnica, su alteraci\u00f3n, p\u00e9rdida, tratamiento o acceso no autorizado.<\/p>\n<p><strong>Finalidad<\/strong><br \/>Los datos de car\u00e1cter personal que nos proporciona y los que nos facilite en cualquier momento ser\u00e1n incluidos en un fichero automatizado del que es responsable Helios Fine Jewelry S.L. atendiendo a las siguientes finalidades:<\/p>\n<p>a) Gestionar su registro como usuario en nuestra Plataforma.<\/p>\n<p>b) Desarrollar, cumplir y ejecutar el contrato de compraventa celebrado al haber adquirido productos de helioss.es<\/p>\n<p>c) Informar, tramitar, gestionar y enviar su pedido (y eventual devoluci\u00f3n) as\u00ed como el perfeccionamiento del contrato de compraventa de los productos que usted haya adquirido.<\/p>\n<p>d) Contactar con usted a trav\u00e9s de correo electr\u00f3nico, llamadas telef\u00f3nicas, env\u00edo de SMS u otros medios de comunicaci\u00f3n electr\u00f3nicos equivalentes, en relaci\u00f3n a actualizaciones o comunicaciones informativas relacionadas con las funcionalidades, productos o servicios contratados, incluidas actualizaciones de seguridad de la Plataforma, siempre que sea necesario o razonable para su ejecuci\u00f3n.<\/p>\n<p>e) Atender y seguir las consultas y solicitudes que usted nos dirija a trav\u00e9s de nuestro servicio de Atenci\u00f3n al Cliente o en nuestra tienda.<\/p>\n<p>f) Proporcionarle informaci\u00f3n acerca de eventos y los productos comercializados por Helios Fine Jewelry S.L., as\u00ed como cualesquiera otro complementario, incluyendo por relaci\u00f3n a dichos productos, el env\u00edo de futuras ofertas comerciales y publicitarias por cualquier canal de comunicaci\u00f3n disponible, incluido mensajes sms a m\u00f3vil, correo electr\u00f3nico, etc.<\/p>\n<p>g) Elaboraci\u00f3n de perfiles de usuarios.<\/p>\n<p>h) Realizar estudios de mercado y estad\u00edsticas de nuestros productos.<\/p>\n<p><strong>Tiempo de Conservaci\u00f3n de Datos<\/strong><\/p>\n<p>Los datos personales proporcionados se conservar\u00e1n mientras se mantenga la relaci\u00f3n mercantil o aquella que origin\u00f3 el tratamiento. Si decide cancelar sus datos personales, estos podr\u00e1n conservarse en nuestras bases de datos durante los plazos previstos por la legislaci\u00f3n para poder cumplir con las obligaciones fiscales y contables, y ser\u00e1n eliminados una vez hayan prescrito dichos plazos legales o aquellos que sean de aplicaci\u00f3n.<\/p>\n<p><strong>Legitimaci\u00f3n para el tratamiento de datos<\/strong><\/p>\n<p>La base legal para el tratamiento de sus datos como cliente es la relaci\u00f3n contractual establecida al haber adquirido productos de Helios Fine Jewelry S.L. y el cumplimiento de las obligaciones mercantiles, fiscales y contables.<\/p>\n<p>La comunicaci\u00f3n de ofertas y promociones, el env\u00edo de publicidad por cualquier medio de comunicaci\u00f3n, as\u00ed como la elaboraci\u00f3n de perfiles y la cesi\u00f3n de sus datos personales a terceros, est\u00e1n basados en el consentimiento expreso que se le solicita.<\/p>\n<p><strong>Comunicaci\u00f3n de datos a terceros<\/strong><\/p>\n<p>Con el fin de ofrecerle un servicio de calidad, Helios Fine Jewelry S.L. se encuentra obligado a facilitar determinados datos de sus usuarios a otras empresas que colaboran con la prestaci\u00f3n del servicio (transportistas, entidades financieras, empresas de mensajer\u00eda, empresas de env\u00edo de comunicaciones, empresas de elaboraci\u00f3n de perfiles, etc.). En todos los casos, los datos que se facilitan son los estrictamente necesarios para la actividad concreta que se vaya a realizar.<\/p>\n<p>Mediante la aceptaci\u00f3n de la presente Pol\u00edtica de Privacidad, usted autoriza expresamente a Helios Fine Jewelry S.L. a que los datos de car\u00e1cter personal que nos proporciona puedan ser cedidos a otras empresas del grupo o terceros colaboradores de Helios Fine Jewelry S.L., est\u00e9n dentro o fuera del territorio espa\u00f1ol, y ofrezcan un nivel de protecci\u00f3n equiparable al establecido en el Reglamento (UE) 2016\/679 del Parlamento Europeo y del Consejo de 27 de abril de 2016 (GDPR), en la Ley Org\u00e1nica 15\/99 de 13 de diciembre de Protecci\u00f3n de Datos de Car\u00e1cter Personal (LOPD), y en la dem\u00e1s normativa vigente sobre la materia.<\/p>\n<p>En todo caso, los terceros con los cuales se compartan determinados datos de car\u00e1cter personal habr\u00e1n acreditado con car\u00e1cter previo la adopci\u00f3n de medidas t\u00e9cnicas y organizativas adecuadas para la correcta protecci\u00f3n de los mismos.<\/p>\n<p>Helios Fine Jewelry S.L. no vende en ning\u00fan caso datos de clientes a terceros.<\/p>\n<p><strong>Derechos en relaci\u00f3n con los datos personales<\/strong><\/p>\n<p>El Usuario podr\u00e1 ejercer sus derechos de acceso, rectificaci\u00f3n, supresi\u00f3n y oposici\u00f3n, as\u00ed como la limitaci\u00f3n y portabilidad de sus datos en cumplimiento de lo establecido en la normativa vigente de protecci\u00f3n de datos.<\/p>\n<p>El ejercicio de estos derechos deber\u00e1 realizarse mediante comunicaci\u00f3n por escrito firmada por el titular de los datos, con indicaci\u00f3n de su domicilio, adjuntando copia de su Documento Nacional de Identidad u otro documento acreditativo, dirigi\u00e9ndose a Helios Fine Jewelry S.L. al correo electr\u00f3nico info@helioss.es, o enviando comunicaci\u00f3n escrita a la siguiente direcci\u00f3n postal: Calle Padilla 1, 3D, C.P. 28006 (Madrid, Espa\u00f1a)<\/p>\n<p>Asimismo, el Usuario podr\u00e1 oponerse al env\u00edo de comunicaciones comerciales de Helios Fine Jewelry S.L y retirar su consentimiento sin que ello afecte a la licitud del tratamiento de sus datos personales con otras finalidades.<br \/>Helios Fine Jewelry S.L informa a sus Usuarios de la posibilidad que tienen de presentar una reclamaci\u00f3n ante la Agencia Espa\u00f1ola de Protecci\u00f3n de Datos en caso de que entiendan que no se ha obtenido la correcta asistencia en el ejercicio de los derechos citados en el presente apartado.<\/p>\n<p><strong>Propiedad Intelectual<\/strong><\/p>\n<p>Todo el material contenido en la p\u00e1gina web www.helioss.es (dibujos, dise\u00f1os, ilustraciones, fotograf\u00edas, textos escritos, logotipos, marcas comerciales&#8230;) son de exclusiva propiedad de Helios Fine Jewelry S.L. (en adelante, \u201cHelios\u201d).<\/p>\n<p>Ning\u00fan Usuario podr\u00e1 reproducir, por cualquier medio o proceso, total o parcial, distribuir, publicar, transmitir, crear trabajos derivados o basados en modificar o vender, cualquier material contenido.<\/p>\n<p>La marca registrada &#8220;Helioss Fine Jewelry&#8221;, y el logotipo se encuentren o no registrados, expuestos en la p\u00e1gina web www.helioss.es, as\u00ed como el nombre de dominio helioss.es, son y permanecer\u00e1n propiedad exclusiva de Helios. Est\u00e1 prohibida cualquier reproducci\u00f3n, distribuci\u00f3n, transmisi\u00f3n, modificaci\u00f3n o utilizaci\u00f3n de estas marcas registradas para cualquier prop\u00f3sito sin el previo consentimiento expreso por escrito de Helios.<\/p>\n<p>El Usuario no podr\u00e1 eliminar ninguna referencia a copyright, marca registrada u otra notificaci\u00f3n relativa a derechos de propiedad contenidos en la p\u00e1gina www.helioss.es, ni cualquier otro contenido incluido en la misma. El Usuario podr\u00e1 realizar copias de las p\u00e1ginas web publicadas en la p\u00e1gina Web www.helioss.es para su utilizaci\u00f3n privada, personal y sin \u00e1nimo de lucro o comercial, siempre que cualquier copia que se realice de dichas p\u00e1ginas web conserve todas las notificaciones relativas a derechos de propiedad contenidas en la misma.<\/p>\n<p>La p\u00e1gina web de Helios es una obra creativa original amparada por las leyes de protecci\u00f3n de la propiedad intelectual. La p\u00e1gina, as\u00ed como todos los elementos que la componen, es propiedad exclusiva de Helios. Est\u00e1 totalmente prohibida la reproducci\u00f3n o representaci\u00f3n, total o parcial, de la p\u00e1gina o de alguno de los elementos que la componen, as\u00ed como su modificaci\u00f3n. Las marcas y nombres de dominio que aparecen en la p\u00e1gina web de Helios son propiedad exclusiva de Helios. Cualquier reproducci\u00f3n o utilizaci\u00f3n no autorizada de estas marcas o nombres dominio, sin perjuicio de la forma o de intenci\u00f3n que adopten, est\u00e1 totalmente prohibida.<\/p>\n<p>Helios ha puesto todos los medios razonables por su parte para que la informaci\u00f3n obtenida a trav\u00e9s de su p\u00e1gina web sea exacta. No obstante, no garantizamos en modo alguno la exactitud, integridad y actualizaci\u00f3n de dicha informaci\u00f3n. Helios no otorga ning\u00fan tipo de garant\u00eda, expresa o t\u00e1cita, en relaci\u00f3n con la totalidad o parte de su p\u00e1gina web.<\/p>\n<p>Helios no ser\u00e1 responsable en ning\u00fan caso de ning\u00fan da\u00f1o directo o indirecto, sea cual fuere su naturaleza, derivado de la utilizaci\u00f3n de su p\u00e1gina Web.<br \/>Exclusi\u00f3n de Garant\u00edas y Responsabilidades<\/p>\n<p>Helios no garantiza la existencia de errores en sus diferentes contenidos ni garantiza la disponibilidad o continuidad del funcionamiento de esta web, por lo que excluye cualquier responsabilidad por los da\u00f1os y\/o perjuicios de toda naturaleza que puedan deberse a la falta de disponibilidad, fiabilidad o continuidad de su web.<\/p>\n<p>Helios tampoco garantiza que la web se encuentre siempre actualizada, aunque har\u00e1 todo lo posible para subsanar los errores t\u00e9cnicos. En todo caso, Helios se reserva el derecho a realizar cambios sin previo aviso.<\/p>\n<p>Asimismo, se reserva el derecho de suspender, sin necesidad de previo aviso alguno, la accesibilidad a su web.<\/p>\n<p>Asimismo, Helios no garantiza la inexistencia de virus introducidos por terceros que puedan afectar a esta web o al software y hardware del Usuario.<\/p>\n<p>El Usuario responder\u00e1 de los da\u00f1os y perjuicios de cualquier naturaleza que se produzcan por el incumpliendo de estas Normas de Uso.<\/p>\n<p>[\/et_pb_text][et_pb_text disabled_on=&#8221;on|on|on&#8221; _builder_version=&#8221;4.23&#8243; _module_preset=&#8221;default&#8221; text_font=&#8221;|300|||||||&#8221; text_font_size=&#8221;14px&#8221; text_line_height=&#8221;1.5em&#8221; disabled=&#8221;on&#8221; global_colors_info=&#8221;{}&#8221;]<\/p>\n<p><strong>Suscripci\u00f3n a la Newsletter<\/strong><\/p>\n<p>En el caso de que autorice su suscripci\u00f3n a la Newsletter de helioss.es, le proporcionaremos informaci\u00f3n acerca de nuestros productos, servicios y eventos, a trav\u00e9s de diversos medios como, entre otros, correo electr\u00f3nico, SMS o cualquier otro medio de comunicaci\u00f3n electr\u00f3nica equivalente.<\/p>\n<p>La subscripci\u00f3n a la Newsletter de helioss.es puede conllevar el uso de sus datos personales para poner a su disposici\u00f3n publicidad personalizada, relacionada con nuestros productos y servicios a trav\u00e9s de e-mails, SMS, u otros medios electr\u00f3nicos propios o de terceros colaboradores. De cara a mejorar la atenci\u00f3n que le prestamos, le informamos que los datos personales relativos a sus compras, gustos y preferencias pueden ser utilizados con fines de an\u00e1lisis, generaci\u00f3n de perfiles de uso, estudios de marketing, encuestas de calidad y mejora de la interacci\u00f3n con nuestros clientes.<\/p>\n<p>En caso de ser un usuario registrado, puede cambiar sus preferencias en relaci\u00f3n al env\u00edo de tales comunicaciones comerciales a trav\u00e9s de Mi Cuenta.<\/p>\n<p>Asimismo, podr\u00e1 dar de baja su suscripci\u00f3n a trav\u00e9s del link habilitado a tal efecto en cada una de nuestras newsletters y siguiendo las indicaciones que se le proporcionan.<\/p>\n<p>&nbsp;<\/p>\n<p>[\/et_pb_text][\/et_pb_column][et_pb_column type=&#8221;1_5&#8243; _builder_version=&#8221;4.22.2&#8243; _module_preset=&#8221;default&#8221; global_colors_info=&#8221;{}&#8221;][\/et_pb_column][\/et_pb_row][\/et_pb_section]<\/p>\n","protected":false},"excerpt":{"rendered":"<p>Responsable del tratamiento de sus datos El responsable del tratamiento de sus datos es Helios Fine Jewelry S.L., con NIF: B72821200, y domicilio social en Calle Padilla 1, 3D, CP 28006. Puede ponerse en contacto con nosotros para ejercer sus derechos en info@helioss.es. Conforme a la legislaci\u00f3n vigente en materia de Protecci\u00f3n de Datos de [&hellip;]<\/p>\n","protected":false},"author":1,"featured_media":0,"parent":0,"menu_order":99,"comment_status":"closed","ping_status":"closed","template":"","meta":{"_et_pb_use_builder":"on","_et_pb_old_content":"<!-- wp:heading -->\r\n<h2>Qui\u00e9nes somos<\/h2>\r\n<!-- \/wp:heading --><!-- wp:paragraph -->\r\n<p><strong class=\"privacy-policy-tutorial\">Texto sugerido: <\/strong>La direcci\u00f3n de nuestra web es: http:\/\/hlss.donostik.com.<\/p>\r\n<!-- \/wp:paragraph --><!-- wp:heading -->\r\n<h2>Comentarios<\/h2>\r\n<!-- \/wp:heading --><!-- wp:paragraph -->\r\n<p><strong class=\"privacy-policy-tutorial\">Texto sugerido: <\/strong>Cuando los visitantes dejan comentarios en la web, recopilamos los datos que se muestran en el formulario de comentarios, as\u00ed como la direcci\u00f3n IP del visitante y la cadena de agentes de usuario del navegador para ayudar a la detecci\u00f3n de spam.<\/p>\r\n<!-- \/wp:paragraph --><!-- wp:paragraph -->\r\n<p>Una cadena an\u00f3nima creada a partir de tu direcci\u00f3n de correo electr\u00f3nico (tambi\u00e9n llamada hash) puede ser proporcionada al servicio de Gravatar para ver si la est\u00e1s usando. La pol\u00edtica de privacidad del servicio Gravatar est\u00e1 disponible aqu\u00ed: https:\/\/automattic.com\/privacy\/. Despu\u00e9s de la aprobaci\u00f3n de tu comentario, la imagen de tu perfil es visible para el p\u00fablico en el contexto de tu comentario.<\/p>\r\n<!-- \/wp:paragraph --><!-- wp:heading -->\r\n<h2>Medios<\/h2>\r\n<!-- \/wp:heading --><!-- wp:paragraph -->\r\n<p><strong class=\"privacy-policy-tutorial\">Texto sugerido: <\/strong>Si subes im\u00e1genes a la web, deber\u00edas evitar subir im\u00e1genes con datos de ubicaci\u00f3n (GPS EXIF) incluidos. Los visitantes de la web pueden descargar y extraer cualquier dato de ubicaci\u00f3n de las im\u00e1genes de la web.<\/p>\r\n<!-- \/wp:paragraph --><!-- wp:heading -->\r\n<h2>Cookies<\/h2>\r\n<!-- \/wp:heading --><!-- wp:paragraph -->\r\n<p><strong class=\"privacy-policy-tutorial\">Texto sugerido: <\/strong>Si dejas un comentario en nuestro sitio puedes elegir guardar tu nombre, direcci\u00f3n de correo electr\u00f3nico y web en cookies. Esto es para tu comodidad, para que no tengas que volver a rellenar tus datos cuando dejes otro comentario. Estas cookies tendr\u00e1n una duraci\u00f3n de un a\u00f1o.<\/p>\r\n<!-- \/wp:paragraph --><!-- wp:paragraph -->\r\n<p>Si tienes una cuenta y te conectas a este sitio, instalaremos una cookie temporal para determinar si tu navegador acepta cookies. Esta cookie no contiene datos personales y se elimina al cerrar el navegador.<\/p>\r\n<!-- \/wp:paragraph --><!-- wp:paragraph -->\r\n<p>Cuando accedas, tambi\u00e9n instalaremos varias cookies para guardar tu informaci\u00f3n de acceso y tus opciones de visualizaci\u00f3n de pantalla. Las cookies de acceso duran dos d\u00edas, y las cookies de opciones de pantalla duran un a\u00f1o. Si seleccionas \u00abRecu\u00e9rdarme\u00bb, tu acceso perdurar\u00e1 durante dos semanas. Si sales de tu cuenta, las cookies de acceso se eliminar\u00e1n.<\/p>\r\n<!-- \/wp:paragraph --><!-- wp:paragraph -->\r\n<p>Si editas o publicas un art\u00edculo se guardar\u00e1 una cookie adicional en tu navegador. Esta cookie no incluye datos personales y simplemente indica el ID del art\u00edculo que acabas de editar. Caduca despu\u00e9s de 1 d\u00eda.<\/p>\r\n<!-- \/wp:paragraph --><!-- wp:heading -->\r\n<h2>Contenido incrustado de otros sitios web<\/h2>\r\n<!-- \/wp:heading --><!-- wp:paragraph -->\r\n<p><strong class=\"privacy-policy-tutorial\">Texto sugerido: <\/strong>Los art\u00edculos de este sitio pueden incluir contenido incrustado (por ejemplo, v\u00eddeos, im\u00e1genes, art\u00edculos, etc.). El contenido incrustado de otras webs se comporta exactamente de la misma manera que si el visitante hubiera visitado la otra web.<\/p>\r\n<!-- \/wp:paragraph --><!-- wp:paragraph -->\r\n<p>Estas web pueden recopilar datos sobre ti, utilizar cookies, incrustar un seguimiento adicional de terceros, y supervisar tu interacci\u00f3n con ese contenido incrustado, incluido el seguimiento de tu interacci\u00f3n con el contenido incrustado si tienes una cuenta y est\u00e1s conectado a esa web.<\/p>\r\n<!-- \/wp:paragraph --><!-- wp:heading -->\r\n<h2>Con qui\u00e9n compartimos tus datos<\/h2>\r\n<!-- \/wp:heading --><!-- wp:paragraph -->\r\n<p><strong class=\"privacy-policy-tutorial\">Texto sugerido: <\/strong>Si solicitas un restablecimiento de contrase\u00f1a, tu direcci\u00f3n IP ser\u00e1 incluida en el correo electr\u00f3nico de restablecimiento.<\/p>\r\n<!-- \/wp:paragraph --><!-- wp:heading -->\r\n<h2>Cu\u00e1nto tiempo conservamos tus datos<\/h2>\r\n<!-- \/wp:heading --><!-- wp:paragraph -->\r\n<p><strong class=\"privacy-policy-tutorial\">Texto sugerido: <\/strong>Si dejas un comentario, el comentario y sus metadatos se conservan indefinidamente. Esto es para que podamos reconocer y aprobar comentarios sucesivos autom\u00e1ticamente, en lugar de mantenerlos en una cola de moderaci\u00f3n.<\/p>\r\n<!-- \/wp:paragraph --><!-- wp:paragraph -->\r\n<p>De los usuarios que se registran en nuestra web (si los hay), tambi\u00e9n almacenamos la informaci\u00f3n personal que proporcionan en su perfil de usuario. Todos los usuarios pueden ver, editar o eliminar su informaci\u00f3n personal en cualquier momento (excepto que no pueden cambiar su nombre de usuario). Los administradores de la web tambi\u00e9n pueden ver y editar esa informaci\u00f3n.<\/p>\r\n<!-- \/wp:paragraph --><!-- wp:heading -->\r\n<h2>Qu\u00e9 derechos tienes sobre tus datos<\/h2>\r\n<!-- \/wp:heading --><!-- wp:paragraph -->\r\n<p><strong class=\"privacy-policy-tutorial\">Texto sugerido: <\/strong>Si tienes una cuenta o has dejado comentarios en esta web, puedes solicitar recibir un archivo de exportaci\u00f3n de los datos personales que tenemos sobre ti, incluyendo cualquier dato que nos hayas proporcionado. Tambi\u00e9n puedes solicitar que eliminemos cualquier dato personal que tengamos sobre ti. Esto no incluye ning\u00fan dato que estemos obligados a conservar con fines administrativos, legales o de seguridad.<\/p>\r\n<!-- \/wp:paragraph --><!-- wp:heading -->\r\n<h2>D\u00f3nde se env\u00edan tus datos<\/h2>\r\n<!-- \/wp:heading --><!-- wp:paragraph -->\r\n<p><strong class=\"privacy-policy-tutorial\">Texto sugerido: <\/strong>Los comentarios de los visitantes puede que los revise un servicio de detecci\u00f3n autom\u00e1tica de spam.<\/p>\r\n<!-- \/wp:paragraph -->","_et_gb_content_width":"","footnotes":""},"class_list":["post-1229","page","type-page","status-publish","hentry"],"_links":{"self":[{"href":"https:\/\/www.helioss.es\/en\/wp-json\/wp\/v2\/pages\/1229","targetHints":{"allow":["GET"]}}],"collection":[{"href":"https:\/\/www.helioss.es\/en\/wp-json\/wp\/v2\/pages"}],"about":[{"href":"https:\/\/www.helioss.es\/en\/wp-json\/wp\/v2\/types\/page"}],"author":[{"embeddable":true,"href":"https:\/\/www.helioss.es\/en\/wp-json\/wp\/v2\/users\/1"}],"replies":[{"embeddable":true,"href":"https:\/\/www.helioss.es\/en\/wp-json\/wp\/v2\/comments?post=1229"}],"version-history":[{"count":0,"href":"https:\/\/www.helioss.es\/en\/wp-json\/wp\/v2\/pages\/1229\/revisions"}],"wp:attachment":[{"href":"https:\/\/www.helioss.es\/en\/wp-json\/wp\/v2\/media?parent=1229"}],"curies":[{"name":"wp","href":"https:\/\/api.w.org\/{rel}","templated":true}]}}