{"id":1228,"date":"2023-10-23T16:38:55","date_gmt":"2023-10-23T14:38:55","guid":{"rendered":"https:\/\/www.helioss.es\/politica-de-cookies\/"},"modified":"2023-10-23T16:38:55","modified_gmt":"2023-10-23T14:38:55","slug":"politica-de-cookies","status":"publish","type":"page","link":"https:\/\/www.helioss.es\/en\/politica-de-cookies\/","title":{"rendered":"Pol\u00edtica de Cookies"},"content":{"rendered":"<p>[et_pb_section fb_built=&#8221;1&#8243; _builder_version=&#8221;4.22.2&#8243; _module_preset=&#8221;default&#8221; background_color=&#8221;RGBA(255,255,255,0)&#8221; global_colors_info=&#8221;{}&#8221; theme_builder_area=&#8221;post_content&#8221;][et_pb_row column_structure=&#8221;1_5,3_5,1_5&#8243; _builder_version=&#8221;4.22.2&#8243; _module_preset=&#8221;default&#8221; global_colors_info=&#8221;{}&#8221; theme_builder_area=&#8221;post_content&#8221;][et_pb_column type=&#8221;1_5&#8243; _builder_version=&#8221;4.22.2&#8243; _module_preset=&#8221;default&#8221; global_colors_info=&#8221;{}&#8221; theme_builder_area=&#8221;post_content&#8221;][\/et_pb_column][et_pb_column type=&#8221;3_5&#8243; _builder_version=&#8221;4.22.2&#8243; _module_preset=&#8221;default&#8221; global_colors_info=&#8221;{}&#8221; theme_builder_area=&#8221;post_content&#8221;][et_pb_post_title meta=&#8221;off&#8221; featured_image=&#8221;off&#8221; _builder_version=&#8221;4.22.2&#8243; _module_preset=&#8221;default&#8221; custom_margin=&#8221;4%||||false|false&#8221; global_colors_info=&#8221;{}&#8221; theme_builder_area=&#8221;post_content&#8221;][\/et_pb_post_title][et_pb_text _builder_version=&#8221;4.23&#8243; _module_preset=&#8221;default&#8221; text_font=&#8221;|300|||||||&#8221; text_font_size=&#8221;14px&#8221; text_line_height=&#8221;1.5em&#8221; hover_enabled=&#8221;0&#8243; global_colors_info=&#8221;{}&#8221; theme_builder_area=&#8221;post_content&#8221; sticky_enabled=&#8221;0&#8243;]Nuestra web utiliza cookies que permitir\u00e1n mejorar su experiencia como usuario mediante el an\u00e1lisis de sus h\u00e1bitos de navegaci\u00f3n. En los p\u00e1rrafos siguientes en cumplimiento de la LSSICE (LEY 34\/2002, de 11 de julio, de servicios de la sociedad de la informaci\u00f3n y de comercio electr\u00f3nico), vamos a informarle sobre qu\u00e9 son, cu\u00e1les utilizamos en nuestra web, como administrarlas y le pediremos el consentimiento para su uso.<\/p>\n<ol>\n<li><strong>Qu\u00e9 son las cookies<\/strong><\/li>\n<\/ol>\n<p style=\"padding-left: 40px;\">Las cookies son archivos de texto que contienen peque\u00f1as cantidades de informaci\u00f3n que se almacenan en su ordenador o aparato electr\u00f3nico a trav\u00e9s de su navegador (Internet Explorer, Firefox, Chrome, Safari\u2026), o a trav\u00e9s de una aplicaci\u00f3n Flash. Las cookies no pueden ejecutar programas ni introducir virus en su ordenador, al ser s\u00f3lo texto o n\u00fameros no son capaces por s\u00ed mismas de acceder a informaci\u00f3n personal de su ordenador.<\/p>\n<p style=\"padding-left: 40px;\">A cada visita las cookies permiten que las webs le \u201crecuerden\u201d y almacenen informaci\u00f3n sobre sus preferencias para ofrecerle una experiencia personalizada, m\u00e1s f\u00e1cil y m\u00e1s r\u00e1pida. Las cookies pueden tener muchas funciones diferentes, como permitir la navegaci\u00f3n eficiente entre las p\u00e1ginas, recordar las preferencias, y en general mejorar la experiencia del usuario.<\/p>\n<ol start=\"2\">\n<li><strong>Uso de Cookies en la web<\/strong><\/li>\n<\/ol>\n<p style=\"padding-left: 40px;\">La finalidad es tener de forma continua el n\u00famero total de visitantes de la pagina web, el tipo de navegador internet (por ejemplo Netscape Navigador o Internet Explorer) y el sistema operativo (por ejemplo Windows o Macintosh) utilizados por nuestros visitantes, para as\u00ed controlar el rendimiento de nuestra p\u00e1gina, personalizar y mejorar su experiencia en l\u00ednea.<\/p>\n<table style=\"margin-left: 40px;\">\n<tbody>\n<tr>\n<th style=\"width: 112.406px;\">Cookie<\/th>\n<th style=\"width: 102.312px;\">Proveedor<\/th>\n<th style=\"width: 79.6406px;\">Finalidad<\/th>\n<th style=\"width: 85.2812px;\">Tipo<\/th>\n<th style=\"width: 87.3594px;\">Caducidad<\/th>\n<\/tr>\n<tr>\n<td style=\"width: 112.406px;\">_gat<\/td>\n<td style=\"width: 102.312px;\">Google Analytics<\/td>\n<td style=\"width: 79.6406px;\">Se usa para limitar el porcentaje de solicitudes.<\/td>\n<td style=\"width: 85.2812px;\">Cookie anal\u00edtica<\/td>\n<td style=\"width: 87.3594px;\">Sesi\u00f3n<\/td>\n<\/tr>\n<tr>\n<td style=\"width: 112.406px;\">_ga<\/td>\n<td style=\"width: 102.312px;\">Google Analytics<\/td>\n<td style=\"width: 79.6406px;\">Se usa para distinguir a los usuarios.<\/td>\n<td style=\"width: 85.2812px;\">Cookie anal\u00edtica<\/td>\n<td style=\"width: 87.3594px;\">2 a\u00f1os<\/td>\n<\/tr>\n<tr>\n<td style=\"width: 112.406px;\">_gid<\/td>\n<td style=\"width: 102.312px;\">Google Analytics<\/td>\n<td style=\"width: 79.6406px;\">Se usa para distinguir a los usuarios.<\/td>\n<td style=\"width: 85.2812px;\">Cookie anal\u00edtica<\/td>\n<td style=\"width: 87.3594px;\">1 d\u00eda<\/td>\n<\/tr>\n<\/tbody>\n<\/table>\n<ol start=\"3\">\n<li><strong>Qu\u00e9 tipo de cookies utiliza.<\/strong><\/li>\n<\/ol>\n<p style=\"padding-left: 40px;\"><strong>Google Analytics,<\/strong>\u00a0se trata de un servicio anal\u00edtico de webs prestado por Google Inc., una compa\u00f1\u00eda de Delaware cuya oficina principal est\u00e1 en 1600 Amphitheatre Parkway, Mountain View (California), CA 94043, Estados Unidos (\u201cGoogle\u201d).<\/p>\n<p style=\"padding-left: 40px;\">Google utiliza las cookies denominadas _utma, _utmb, _utmc y _utmz para analizar los h\u00e1bitos de navegaci\u00f3n de los usuarios que acceden a los sitios web de sus clientes. Estas cookies de an\u00e1lisis nos permiten reconocer y contar el n\u00famero de visitantes y de ver c\u00f3mo los usuarios se mueven por el sitio web, siendo su finalidad analizar el uso que hacen los usuarios del sitio web y ayudarnos a mejorar su funcionamiento.<\/p>\n<p style=\"padding-left: 40px;\">A pesar de que las cookies se descargan desde el dominio de la web visitada, la informaci\u00f3n almacenada en ellas es recabada y transmitida a Google para que pueda proporcionar el servicio anal\u00edtico. La informaci\u00f3n que nos proporciona Google sobre los visitantes aparece agregada y no se muestra el detalle de cada visitante, sino valores como el n\u00famero de visitantes, porcentajes relativos al pa\u00eds de origen de los visitantes, su sistema operativo y el navegador utilizado, duraci\u00f3n de la visita y n\u00famero de p\u00e1ginas visitadas, ente otros.<\/p>\n<p style=\"padding-left: 40px;\">Puede ampliar informaci\u00f3n sobre las pol\u00edticas de privacidad y cookies de Google pinchando en los siguientes enlaces:<\/p>\n<p style=\"padding-left: 40px;\"><a href=\"http:\/\/www.google.com\/intl\/es\/analytics\/privacyoverview.html\" target=\"_blank\" rel=\"noopener\">http:\/\/www.google.com\/intl\/es\/analytics\/privacyoverview.html<\/a><\/p>\n<p style=\"padding-left: 40px;\"><a href=\"https:\/\/www.google.com\/analytics\/learn\/privacy.html\" target=\"_blank\" rel=\"noopener\">https:\/\/www.google.com\/analytics\/learn\/privacy.html<\/a><strong><\/strong><\/p>\n<ol start=\"4\">\n<li><strong>Consentimiento<\/strong><\/li>\n<\/ol>\n<p style=\"padding-left: 40px;\">Para que podamos instalar las cookies en su ordenador debemos contar con su consentimiento y \u00e9ste tiene que solicitarse expresamente.<\/p>\n<ol start=\"5\">\n<li><strong>Revocaci\u00f3n del consentimiento y desactivaci\u00f3n de las cookies.<\/strong><\/li>\n<\/ol>\n<p style=\"padding-left: 40px;\">Si m\u00e1s adelante decides revocar el consentimiento tan solo debes pinchar el bot\u00f3n residual de Cookies y configurar tu navegador para que rechace las cookies. Tambi\u00e9n deber\u00e1s borrar el historial para eliminar las ya instaladas.<\/p>\n<p style=\"padding-left: 40px;\">Asimismo, a continuaci\u00f3n le facilitamos los enlaces con la informaci\u00f3n necesaria de los navegadores m\u00e1s utilizados para desactivar las cookies:<\/p>\n<table class=\"tabla-cookies\" style=\"margin-left: 40px;\">\n<tbody style=\"padding-left: 40px;\">\n<tr style=\"padding-left: 40px;\">\n<td width=\"161\" style=\"padding-left: 40px;\"><strong>Internet Explorer<\/strong><\/td>\n<td width=\"169\" style=\"padding-left: 40px;\"><a href=\"http:\/\/windows.microsoft.com\/es-es\/windows-vista\/block-or-allow-cookies\" target=\"_blank\" rel=\"noopener\">M\u00e1s informaci\u00f3n<\/a><\/td>\n<\/tr>\n<tr style=\"padding-left: 40px;\">\n<td width=\"161\" style=\"padding-left: 40px;\"><strong>Firefox<\/strong><\/td>\n<td width=\"169\" style=\"padding-left: 40px;\"><a href=\"http:\/\/support.mozilla.org\/es\/kb\/habilitar-y-deshabilitar-cookies-que-los-sitios-we\" target=\"_blank\" rel=\"noopener\">M\u00e1s Informaci\u00f3n<\/a><\/td>\n<\/tr>\n<tr style=\"padding-left: 40px;\">\n<td width=\"161\" style=\"padding-left: 40px;\"><strong>Chrome<\/strong><\/td>\n<td width=\"169\" style=\"padding-left: 40px;\"><a href=\"http:\/\/support.google.com\/chromeos\/bin\/answer.py?hl=es&amp;answer=95647\" target=\"_blank\" rel=\"noopener\">M\u00e1s informaci\u00f3n<\/a><\/td>\n<\/tr>\n<tr style=\"padding-left: 40px;\">\n<td width=\"161\" style=\"padding-left: 40px;\"><strong>Opera<\/strong><\/td>\n<td width=\"169\" style=\"padding-left: 40px;\"><a href=\"http:\/\/help.opera.com\/Linux\/10.60\/es-ES\/cookies.html\" target=\"_blank\" rel=\"noopener\">M\u00e1s informaci\u00f3n<\/a><\/td>\n<\/tr>\n<tr style=\"padding-left: 40px;\">\n<td width=\"161\" style=\"padding-left: 40px;\"><strong>Safari<\/strong><\/td>\n<td width=\"169\" style=\"padding-left: 40px;\"><a href=\"http:\/\/support.apple.com\/kb\/ph5042\" target=\"_blank\" rel=\"noopener\">M\u00e1s informaci\u00f3n<\/a><\/td>\n<\/tr>\n<\/tbody>\n<\/table>\n<p style=\"padding-left: 40px;\">La pol\u00edtica de cookies podr\u00e1 ser modificada por el responsable de la web,<strong> <\/strong>por lo que recomendamos su lectura con cada entrada a la Web.<\/p>\n<p>[\/et_pb_text][\/et_pb_column][et_pb_column type=&#8221;1_5&#8243; _builder_version=&#8221;4.22.2&#8243; _module_preset=&#8221;default&#8221; global_colors_info=&#8221;{}&#8221; theme_builder_area=&#8221;post_content&#8221;][\/et_pb_column][\/et_pb_row][\/et_pb_section]<\/p>\n","protected":false},"excerpt":{"rendered":"<p>Nuestra web utiliza cookies que permitir\u00e1n mejorar su experiencia como usuario mediante el an\u00e1lisis de sus h\u00e1bitos de navegaci\u00f3n. En los p\u00e1rrafos siguientes en cumplimiento de la LSSICE (LEY 34\/2002, de 11 de julio, de servicios de la sociedad de la informaci\u00f3n y de comercio electr\u00f3nico), vamos a informarle sobre qu\u00e9 son, cu\u00e1les utilizamos en [&hellip;]<\/p>\n","protected":false},"author":1,"featured_media":0,"parent":0,"menu_order":99,"comment_status":"closed","ping_status":"closed","template":"","meta":{"_et_pb_use_builder":"on","_et_pb_old_content":"","_et_gb_content_width":"","footnotes":""},"class_list":["post-1228","page","type-page","status-publish","hentry"],"_links":{"self":[{"href":"https:\/\/www.helioss.es\/en\/wp-json\/wp\/v2\/pages\/1228","targetHints":{"allow":["GET"]}}],"collection":[{"href":"https:\/\/www.helioss.es\/en\/wp-json\/wp\/v2\/pages"}],"about":[{"href":"https:\/\/www.helioss.es\/en\/wp-json\/wp\/v2\/types\/page"}],"author":[{"embeddable":true,"href":"https:\/\/www.helioss.es\/en\/wp-json\/wp\/v2\/users\/1"}],"replies":[{"embeddable":true,"href":"https:\/\/www.helioss.es\/en\/wp-json\/wp\/v2\/comments?post=1228"}],"version-history":[{"count":0,"href":"https:\/\/www.helioss.es\/en\/wp-json\/wp\/v2\/pages\/1228\/revisions"}],"wp:attachment":[{"href":"https:\/\/www.helioss.es\/en\/wp-json\/wp\/v2\/media?parent=1228"}],"curies":[{"name":"wp","href":"https:\/\/api.w.org\/{rel}","templated":true}]}}