{"id":1227,"date":"2023-10-23T16:38:32","date_gmt":"2023-10-23T14:38:32","guid":{"rendered":"https:\/\/www.helioss.es\/aviso-legal\/"},"modified":"2023-10-23T16:38:32","modified_gmt":"2023-10-23T14:38:32","slug":"aviso-legal","status":"publish","type":"page","link":"https:\/\/www.helioss.es\/en\/aviso-legal\/","title":{"rendered":"Aviso Legal"},"content":{"rendered":"<p>[et_pb_section fb_built=&#8221;1&#8243; _builder_version=&#8221;4.22.2&#8243; _module_preset=&#8221;default&#8221; background_color=&#8221;RGBA(255,255,255,0)&#8221; global_colors_info=&#8221;{}&#8221;][et_pb_row column_structure=&#8221;1_5,3_5,1_5&#8243; _builder_version=&#8221;4.22.2&#8243; _module_preset=&#8221;default&#8221; global_colors_info=&#8221;{}&#8221;][et_pb_column type=&#8221;1_5&#8243; _builder_version=&#8221;4.22.2&#8243; _module_preset=&#8221;default&#8221; global_colors_info=&#8221;{}&#8221;][\/et_pb_column][et_pb_column type=&#8221;3_5&#8243; _builder_version=&#8221;4.22.2&#8243; _module_preset=&#8221;default&#8221; global_colors_info=&#8221;{}&#8221;][et_pb_post_title meta=&#8221;off&#8221; featured_image=&#8221;off&#8221; _builder_version=&#8221;4.22.2&#8243; _module_preset=&#8221;default&#8221; custom_margin=&#8221;4%||||false|false&#8221; global_colors_info=&#8221;{}&#8221;][\/et_pb_post_title][et_pb_text _builder_version=&#8221;4.23&#8243; _module_preset=&#8221;default&#8221; text_font=&#8221;|300|||||||&#8221; text_font_size=&#8221;14px&#8221; text_line_height=&#8221;1.5em&#8221; hover_enabled=&#8221;0&#8243; global_colors_info=&#8221;{}&#8221; sticky_enabled=&#8221;0&#8243;]<\/p>\n<p>Helios Fine Jewelry S.L. (en adelante, EL PROPIETARIO DE LA WEB) cumple con los requisitos establecidos en la Ley 34\/2002, de 11 de julio, de Servicios de la Sociedad de la Informaci\u00f3n y Comercio Electr\u00f3nico, y el Reglamento 2016\/679 relativo a la protecci\u00f3n de las personas f\u00edsicas en lo que respecta al tratamiento de datos personales y a la libre circulaci\u00f3n de estos datos, y a tal fin ha creado este aviso legal.<\/p>\n<p>Toda persona que acceda a la presente p\u00e1gina web asume y se compromete a la observancia y cumplimiento de las presentes condiciones, as\u00ed como a cualesquiera otra disposici\u00f3n legal que fuera de aplicaci\u00f3n. La navegaci\u00f3n por la presente p\u00e1gina web implica la perfecta comprensi\u00f3n y la expresa aceptaci\u00f3n de las presentes condiciones por parte del usuario, y las modificaciones que en las mismas se produzcan.<\/p>\n<p><strong>1 \u2013 IDENTIFICACI\u00d3N DEL TITULAR DE LA WEB<\/strong><\/p>\n<p style=\"padding-left: 40px;\">Titular: Helios Fine Jewelry S.L.<br \/>NIF: B72821200<br \/>Direcci\u00f3n: Calle Padilla 1, 3D, CP 28006 Madrid<br \/>Email: <a href=\"mailto:info@helioss.es\" target=\"_blank\" rel=\"noopener\">info@helioss.es<\/a><\/p>\n<p><strong>2 \u2013 FINALIDAD DEL SITIO WEB<\/strong><\/p>\n<p>Esta web tiene como finalidad la de informar de los servicios y novedades que ofrece a los clientes actuales, as\u00ed como a nuevos usuarios y gestionar solicitudes de los interesados. El acceso a la web le atribuye la condici\u00f3n de usuario y supone la aceptaci\u00f3n plena y sin reservas de todas y cada una de las condiciones recogidas en el presente aviso legal, por ello le recomendamos la lectura del presente aviso legal cada vez que acceda a la web, ya que las condiciones del mismo pueden sufrir modificaciones.<\/p>\n<p>EL PROPIETARIO DE LA WEB se reserva el derecho de mejorar, modificar o suprimir, unilateralmente y sin previo aviso, el servicio y\/o contenidos de la presente p\u00e1gina web. No se responsabiliza del da\u00f1o o perjuicio que puedan ocasionar dichos contenidos o su veracidad a terceras personas, ni de los contenidos a los que se acceden de forma indirecta trav\u00e9s de enlaces a otros sitios web. Los responsables de la p\u00e1gina web no asumen ninguna responsabilidad sobre los enlaces externos que, en su caso, pudieran incluirse en la presente p\u00e1gina web.<\/p>\n<p><strong>3 \u2013 CONTENIDOS DE LA WEB<\/strong><\/p>\n<p>Con car\u00e1cter general los servicios y contenidos ofrecidos a trav\u00e9s del presente sitio web estar\u00e1n disponibles en castellano, sin perjuicio de la utilizaci\u00f3n de otros idiomas, a reserva de EL PROPIETARIO DE LA WEB<\/p>\n<p>EL PROPIETARIO DE LA WEB se reserva el derecho de efectuar libremente y sin previo aviso las modificaciones que considere oportunas en la presente p\u00e1gina web, pudiendo cambiar, suprimir o a\u00f1adir los contenidos y servicios que se prestan, como la forma en la que \u00e9stos aparecen presentados o localizados, no responsabiliz\u00e1ndose de las consecuencias que esto pueda ocasionar a los usuarios.<\/p>\n<p><strong>4 \u2013 PROPIEDAD INTELECTUAL E INDUSTRIAL<\/strong><\/p>\n<p>Todos los contenidos de la presente p\u00e1gina web, incluyendo sin car\u00e1cter limitativo, textos, gr\u00e1ficos, im\u00e1genes, su dise\u00f1o y los derechos de propiedad intelectual que pudieran corresponder a dichos contenidos, as\u00ed como todas las marcas, nombres comerciales o cualquier otro signo distintivo son propiedad del titular del sitio web, o de sus leg\u00edtimos propietarios, quedando reservados todos los derechos sobre los mismos. Todos los contenidos del sitio web se encuentran debidamente protegidos por la normativa de propiedad intelectual e industrial, as\u00ed como inscritos en los registros p\u00fablicos correspondientes.<\/p>\n<p>Queda prohibido cualquier acto de reproducci\u00f3n de los contenidos, en todo o en parte, en cualquier forma o medio, sea mec\u00e1nico, electr\u00f3nico, reprogr\u00e1fico u otro, as\u00ed como cualquier acto de difusi\u00f3n, comunicaci\u00f3n p\u00fablica o distribuci\u00f3n, sin la previa autorizaci\u00f3n por escrito de EL PROPIETARIO DE LA WEB o de sus leg\u00edtimos propietarios.<\/p>\n<p>Los dise\u00f1os, logotipos, texto y\/o gr\u00e1ficos ajenos a EL PROPIETARIO DE LA WEB y que pudieran aparecer en el sitio web, pertenecen a sus respectivos propietarios, siendo ellos mismos responsables de cualquier posible controversia que pudiera suscitarse respecto a los mismos.<\/p>\n<p>EL PROPIETARIO DE LA WEB no ser\u00e1 responsable de los da\u00f1os o perjuicios que pudieran derivarse de la utilizaci\u00f3n de los contenidos por parte de las personas que acceden al presente sitio web, o de la infracci\u00f3n por parte de los mismos de cualquier disposici\u00f3n legal vigente.<\/p>\n<p><strong>5 \u2013 COOKIES<\/strong><\/p>\n<p>La presente p\u00e1gina web utiliza \u201ccookies\u201d para ofrecerle una mejor experiencia como usuario.<\/p>\n<p>Usted puede permitir, bloquear o eliminar las cookies instaladas en su equipo mediante la configuraci\u00f3n de las opciones del navegador que utilice en su terminal o dispositivo.<\/p>\n<p>El usuario tiene la posibilidad de configurar el navegador de tal modo que impida la instalaci\u00f3n de estos archivos, sin embargo, pero en ese caso es posible que no pueda utilizar todas las funcionalidades que le ofrece el sitio web.<\/p>\n<p><strong>M\u00e1s informaci\u00f3n y posibilidad de cambio de configuraci\u00f3n en el apartado \u201cPol\u00edtica de cookies\u201d<\/strong><\/p>\n<p><strong>6 \u2013 RESPONSABILIDAD<\/strong><\/p>\n<p>Los usuarios que accedan a la presente web lo har\u00e1n conforme a la Ley, y se obligan en todo momento a no acceder a la misma y a los contenidos de forma contraria a la establecida y\/o con fines il\u00edcitos, lesivos de derechos y libertades de terceros, o que puedan da\u00f1ar, deteriorar, saturar o ralentizar la web, en perjuicio de EL PROPIETARIO DE LA WEB o de terceros usuarios. Podr\u00e1 responsabilizar a los usuarios que, haciendo un mal uso de la web, causasen da\u00f1os o perjuicios a terceras personas.<\/p>\n<p>EL PROPIETARIO DE LA WEB se exime de cualquier tipo de responsabilidad derivada de la informaci\u00f3n publicada en el presente sitio web, siempre que esta informaci\u00f3n haya sido manipulada o introducida por un tercero ajeno al mismo.<\/p>\n<p>En todo caso, EL PROPIETARIO DE LA WEB manifiesta que proceder\u00e1 a la retirada inmediata de cualquier contenido que pudiera contravenir la legislaci\u00f3n nacional o internacional, la moral o el orden p\u00fablico, o en su caso, retirar\u00e1 inmediatamente la redirecci\u00f3n a dicho sitio web, poniendo en conocimiento de las autoridades competentes el contenido en cuesti\u00f3n. En caso de que el usuario considere que existe en el presente sitio web alg\u00fan contenido que pudiera contravenir la legislaci\u00f3n nacional o internacional, la moral o el orden p\u00fablico, se ruega lo notifique de forma inmediata al titular del sitio web.<\/p>\n<p>Este sitio web ha sido revisado y probado para que funcione correctamente. En principio, puede garantizarse el correcto funcionamiento los 365 d\u00edas del a\u00f1o, 24 horas al d\u00eda. No obstante, EL PROPIETARIO DE LA WEB no descarta la posibilidad de que existan ciertos errores de programaci\u00f3n, o que acontezcan causas de fuerza mayor, cat\u00e1strofes naturales, huelgas, o circunstancias semejantes que hagan imposible el acceso a la presente p\u00e1gina web<\/p>\n<p><strong>7 \u2013 MENORES DE EDAD<\/strong><\/p>\n<p>La plena responsabilidad respecto de los contenidos y\/o servicios a los que acceden los menores de edad corresponde a las personas a cuyo cargo se encuentran.<\/p>\n<p><strong>8 \u2013 DIRECCIONES IP<\/strong><\/p>\n<p>Los servidores del presente sitio web podr\u00e1n detectar de manera autom\u00e1tica la direcci\u00f3n IP y el nombre de dominio utilizados por el usuario. Una direcci\u00f3n IP es un n\u00famero asignado autom\u00e1ticamente a un ordenador cuando \u00e9sta se conecta a Internet. Toda esta informaci\u00f3n es registrada en un fichero de actividad del servidor, que permite el posterior procesamiento de los datos, con el fin de obtener mediciones \u00fanicamente estad\u00edsticas, que permitan conocer el n\u00famero de impresiones de p\u00e1ginas, el n\u00famero de visitas realizadas a los servicios web, el orden de visitas, el punto de acceso, etc.<\/p>\n<p>Adem\u00e1s, se informa que puede utilizarse herramientas y servicios de an\u00e1lisis web (p. ej: Google Analytics) que proporcionan informaci\u00f3n sobre el tr\u00e1fico del sitio web.<\/p>\n<p><strong>9 \u2013 ENLACES<\/strong><\/p>\n<p>EL PROPIETARIO DE LA WEB se reserva el derecho de retirar cualquier enlace, en cuanto tenga conocimiento de la ilicitud de su contenido o de que el mismo lesione bienes o derechos de terceros.<\/p>\n<p>No se hace responsable de la fiabilidad y rapidez de los hiperenlaces que se incorporen en la web para la apertura de otras y no garantiza la utilidad de estos enlaces, ni se responsabiliza de los contenidos o servicios a los que puedan acceder los usuarios por medio de estos enlaces, ni del buen funcionamiento de estas webs.<\/p>\n<p><strong>10 \u2013 SEGURIDAD<\/strong><\/p>\n<p>El sitio web utiliza t\u00e9cnicas de seguridad de la informaci\u00f3n generalmente aceptadas en la industria, tales como firewalls, procedimientos de control de acceso y mecanismos criptogr\u00e1ficos, todo ello con el objeto de evitar el acceso no autorizado a los datos.<\/p>\n<p>Del mismo modo, EL PROPIETARIO DE LA WEB ha adoptado todas las medidas t\u00e9cnicas y de organizaci\u00f3n necesarias para garantizar la seguridad e integridad de los datos de car\u00e1cter personal que trate, as\u00ed como para evitar su p\u00e9rdida, alteraci\u00f3n y\/o acceso por parte de terceros no autorizados.<\/p>\n<p><strong>11 \u2013 NULIDAD O ANULABILIDAD<\/strong><\/p>\n<p>La declaraci\u00f3n de cualquiera de estas estipulaciones como nula, inv\u00e1lida o ineficaz, en su totalidad o en parte, no afectar\u00e1 a la validez o eficacia de las restantes, que permanecer\u00e1n siendo vinculantes para EL PROPIETARIO DE LA WEB y el usuario.<\/p>\n<p><strong>12 \u2013 LEY APLICABLE Y JURISDICCI\u00d3N<\/strong><\/p>\n<p>Las presentes condiciones de uso se rigen en todos y cada uno de sus extremos por la ley espa\u00f1ola. En caso de cualquier conflicto o discrepancia, el usuario, con renuncia de forma expresa a cualquier fuero que pudiera corresponderle, se somete al fuero de los juzgados y tribunales de Madrid.<\/p>\n<p>&nbsp;<\/p>\n<p>[\/et_pb_text][\/et_pb_column][et_pb_column type=&#8221;1_5&#8243; _builder_version=&#8221;4.22.2&#8243; _module_preset=&#8221;default&#8221; global_colors_info=&#8221;{}&#8221;][\/et_pb_column][\/et_pb_row][\/et_pb_section]<\/p>\n","protected":false},"excerpt":{"rendered":"<p>Helios Fine Jewelry S.L. (en adelante, EL PROPIETARIO DE LA WEB) cumple con los requisitos establecidos en la Ley 34\/2002, de 11 de julio, de Servicios de la Sociedad de la Informaci\u00f3n y Comercio Electr\u00f3nico, y el Reglamento 2016\/679 relativo a la protecci\u00f3n de las personas f\u00edsicas en lo que respecta al tratamiento de datos [&hellip;]<\/p>\n","protected":false},"author":1,"featured_media":0,"parent":0,"menu_order":99,"comment_status":"closed","ping_status":"closed","template":"","meta":{"_et_pb_use_builder":"on","_et_pb_old_content":"","_et_gb_content_width":"","footnotes":""},"class_list":["post-1227","page","type-page","status-publish","hentry"],"_links":{"self":[{"href":"https:\/\/www.helioss.es\/en\/wp-json\/wp\/v2\/pages\/1227","targetHints":{"allow":["GET"]}}],"collection":[{"href":"https:\/\/www.helioss.es\/en\/wp-json\/wp\/v2\/pages"}],"about":[{"href":"https:\/\/www.helioss.es\/en\/wp-json\/wp\/v2\/types\/page"}],"author":[{"embeddable":true,"href":"https:\/\/www.helioss.es\/en\/wp-json\/wp\/v2\/users\/1"}],"replies":[{"embeddable":true,"href":"https:\/\/www.helioss.es\/en\/wp-json\/wp\/v2\/comments?post=1227"}],"version-history":[{"count":0,"href":"https:\/\/www.helioss.es\/en\/wp-json\/wp\/v2\/pages\/1227\/revisions"}],"wp:attachment":[{"href":"https:\/\/www.helioss.es\/en\/wp-json\/wp\/v2\/media?parent=1227"}],"curies":[{"name":"wp","href":"https:\/\/api.w.org\/{rel}","templated":true}]}}